{"id":1462,"date":"2021-08-25T22:47:53","date_gmt":"2021-08-25T22:47:53","guid":{"rendered":"https:\/\/zipchock.com\/?page_id=1462"},"modified":"2025-05-11T10:40:51","modified_gmt":"2025-05-11T14:40:51","slug":"motos","status":"publish","type":"page","link":"https:\/\/zipchock.com\/fr\/motos\/","title":{"rendered":"V\u00e9los \u00e9lectriques, d\u00e9tails"},"content":{"rendered":"<p><div class=\"fusion-fullwidth fullwidth-box fusion-builder-row-1 nonhundred-percent-fullwidth non-hundred-percent-height-scrolling\" style=\"--awb-border-radius-top-left:0px;--awb-border-radius-top-right:0px;--awb-border-radius-bottom-right:0px;--awb-border-radius-bottom-left:0px;--awb-padding-top:40px;--awb-padding-right:40px;--awb-padding-bottom:50px;--awb-padding-left:40px;--awb-background-color:#f4f9fc;--awb-flex-wrap:wrap;\" ><div class=\"fusion-builder-row fusion-row\"><div class=\"fusion-layout-column fusion_builder_column fusion-builder-column-0 fusion_builder_column_1_1 1_1 fusion-one-full fusion-column-first fusion-column-last\" style=\"--awb-bg-size:cover;--awb-border-color:#801323;--awb-border-right:0;--awb-border-style:solid;\"><div class=\"fusion-column-wrapper fusion-column-has-shadow fusion-flex-column-wrapper-legacy\"><div class=\"fusion-title title fusion-title-1 fusion-sep-none fusion-title-center fusion-title-text fusion-title-size-two\" style=\"--awb-margin-bottom:40px;--awb-font-size:24px;\"><h2 class=\"fusion-title-heading title-heading-center fusion-responsive-typography-calculated\" style=\"margin:0;font-size:1em;--fontSize:24;line-height:1.5;\"><p style=\"text-align: center;\"><strong>The ZIPCHOCK STAND for e-bikes fits a wide range of <\/strong><span style=\"font-weight: 400;\"><strong>tires (1&Prime; to 5&Prime; wide) (2<\/strong><strong>5 to 125 mm<\/strong>)<\/span><\/p>\n<p style=\"text-align: center;\"><strong>Assembly and adjustment in less than 2 minutes, no tools<\/strong><\/p><\/h2><\/div><div class=\"fusion-builder-row fusion-builder-row-inner fusion-row\"><div class=\"fusion-layout-column fusion_builder_column_inner fusion-builder-nested-column-0 fusion_builder_column_inner_1_5 1_5 fusion-one-fifth fusion-column-first product\" style=\"--awb-bg-color:#ffffff;--awb-bg-color-hover:#ffffff;--awb-bg-size:cover;--awb-margin-bottom:60px;width:20%;width:calc(20% - ( ( 2% + 2% + 2% ) * 0.2 ) );margin-right: 2%;\"><div class=\"fusion-column-wrapper fusion-column-has-shadow fusion-flex-column-wrapper-legacy\"><a class=\"awb-lightbox awb-lightbox-1\" href=\"https:\/\/zipchock.com\/wp-content\/uploads\/2025\/03\/ebike-02-02-300x300.jpg\" data-rel=\"iLightbox\"><img decoding=\"async\" src=\"https:\/\/zipchock.com\/wp-content\/uploads\/2025\/03\/ebike-02-02-300x300.jpg\"><\/a><div class=\"fusion-title title fusion-title-2 fusion-sep-none fusion-title-center fusion-title-text fusion-title-size-two\" style=\"--awb-margin-bottom:0px;--awb-font-size:22px;\"><h2 class=\"fusion-title-heading title-heading-center fusion-responsive-typography-calculated\" style=\"margin:0;font-size:1em;--fontSize:22;--minFontSize:22;line-height:1.5;\">The Ebike stand supports the front wheel<\/h2><\/div><div class=\"fusion-clearfix\"><\/div><\/div><\/div><div class=\"fusion-layout-column fusion_builder_column_inner fusion-builder-nested-column-1 fusion_builder_column_inner_1_5 1_5 fusion-one-fifth product\" style=\"--awb-bg-color:#ffffff;--awb-bg-color-hover:#ffffff;--awb-bg-size:cover;--awb-margin-bottom:60px;width:20%;width:calc(20% - ( ( 2% + 2% + 2% ) * 0.2 ) );margin-right: 2%;\"><div class=\"fusion-column-wrapper fusion-column-has-shadow fusion-flex-column-wrapper-legacy\"><a class=\"awb-lightbox awb-lightbox-2\" href=\"https:\/\/zipchock.com\/wp-content\/uploads\/2025\/03\/zip5-hh-300x225.jpg\" data-rel=\"iLightbox\"><img decoding=\"async\" src=\"https:\/\/zipchock.com\/wp-content\/uploads\/2025\/03\/zip5-hh-300x225.jpg\"><\/a><div class=\"fusion-title title fusion-title-3 fusion-sep-none fusion-title-center fusion-title-text fusion-title-size-two\" style=\"--awb-margin-bottom:0px;--awb-font-size:22px;\"><h2 class=\"fusion-title-heading title-heading-center fusion-responsive-typography-calculated\" style=\"margin:0;font-size:1em;--fontSize:22;--minFontSize:22;line-height:1.5;\">To use on hard or soft surface<\/h2><\/div><div class=\"fusion-clearfix\"><\/div><\/div><\/div><div class=\"fusion-layout-column fusion_builder_column_inner fusion-builder-nested-column-2 fusion_builder_column_inner_1_5 1_5 fusion-one-fifth product\" style=\"--awb-bg-color:#ffffff;--awb-bg-color-hover:#ffffff;--awb-bg-size:cover;--awb-margin-bottom:60px;width:20%;width:calc(20% - ( ( 2% + 2% + 2% ) * 0.2 ) );margin-right: 2%;\"><div class=\"fusion-column-wrapper fusion-column-has-shadow fusion-flex-column-wrapper-legacy\"><a class=\"awb-lightbox awb-lightbox-3\" href=\"https:\/\/zipchock.com\/wp-content\/uploads\/2025\/03\/Viola1-c-300x278.jpg\" data-rel=\"iLightbox\"><img decoding=\"async\" src=\"https:\/\/zipchock.com\/wp-content\/uploads\/2025\/03\/Viola1-c-300x278.jpg\"><\/a><div class=\"fusion-title title fusion-title-4 fusion-sep-none fusion-title-center fusion-title-text fusion-title-size-two\" style=\"--awb-margin-bottom:0px;--awb-font-size:22px;\"><h2 class=\"fusion-title-heading title-heading-center fusion-responsive-typography-calculated\" style=\"margin:0;font-size:1em;--fontSize:22;--minFontSize:22;line-height:1.5;\">Narrow tire<\/h2><\/div><div class=\"fusion-clearfix\"><\/div><\/div><\/div><div class=\"fusion-layout-column fusion_builder_column_inner fusion-builder-nested-column-3 fusion_builder_column_inner_1_5 1_5 fusion-one-fifth fusion-column-last product\" style=\"--awb-bg-color:#ffffff;--awb-bg-color-hover:#ffffff;--awb-bg-size:cover;--awb-margin-bottom:60px;width:20%;width:calc(20% - ( ( 2% + 2% + 2% ) * 0.2 ) );\"><div class=\"fusion-column-wrapper fusion-column-has-shadow fusion-flex-column-wrapper-legacy\"><a class=\"awb-lightbox awb-lightbox-4\" href=\"https:\/\/zipchock.com\/wp-content\/uploads\/2025\/03\/Terracottta-4-300x285.jpg\" data-rel=\"iLightbox\"><img decoding=\"async\" src=\"https:\/\/zipchock.com\/wp-content\/uploads\/2025\/03\/Terracottta-4-300x285.jpg\"><\/a><div class=\"fusion-title title fusion-title-5 fusion-sep-none fusion-title-center fusion-title-text fusion-title-size-two\" style=\"--awb-margin-bottom:0px;--awb-font-size:22px;\"><h2 class=\"fusion-title-heading title-heading-center fusion-responsive-typography-calculated\" style=\"margin:0;font-size:1em;--fontSize:22;--minFontSize:22;line-height:1.5;\">Fat tire<\/h2><\/div><div class=\"fusion-clearfix\"><\/div><\/div><\/div><\/div><div class=\"fusion-builder-row fusion-builder-row-inner fusion-row\"><div class=\"fusion-layout-column fusion_builder_column_inner fusion-builder-nested-column-4 fusion_builder_column_inner_1_5 1_5 fusion-one-fifth fusion-column-first product\" style=\"--awb-bg-color:#ffffff;--awb-bg-color-hover:#ffffff;--awb-bg-size:cover;--awb-margin-bottom:60px;width:20%;width:calc(20% - ( ( 2% + 2% + 2% ) * 0.2 ) );margin-right: 2%;\"><div class=\"fusion-column-wrapper fusion-column-has-shadow fusion-flex-column-wrapper-legacy\"><a class=\"awb-lightbox awb-lightbox-5\" href=\"https:\/\/zipchock.com\/wp-content\/uploads\/2025\/03\/IMG_5928C-300x281.jpg\" data-rel=\"iLightbox\"><img decoding=\"async\" src=\"https:\/\/zipchock.com\/wp-content\/uploads\/2025\/03\/IMG_5928C-300x281.jpg\"><\/a><div class=\"fusion-title title fusion-title-6 fusion-sep-none fusion-title-center fusion-title-text fusion-title-size-two\" style=\"--awb-margin-bottom:0px;--awb-font-size:22px;\"><h2 class=\"fusion-title-heading title-heading-center fusion-responsive-typography-calculated\" style=\"margin:0;font-size:1em;--fontSize:22;--minFontSize:22;line-height:1.5;\">Easily adjustable<\/h2><\/div><div class=\"fusion-clearfix\"><\/div><\/div><\/div><div class=\"fusion-layout-column fusion_builder_column_inner fusion-builder-nested-column-5 fusion_builder_column_inner_1_5 1_5 fusion-one-fifth product\" style=\"--awb-bg-color:#ffffff;--awb-bg-color-hover:#ffffff;--awb-bg-size:cover;--awb-margin-bottom:60px;width:20%;width:calc(20% - ( ( 2% + 2% + 2% ) * 0.2 ) );margin-right: 2%;\"><div class=\"fusion-column-wrapper fusion-column-has-shadow fusion-flex-column-wrapper-legacy\"><a class=\"awb-lightbox awb-lightbox-6\" href=\"https:\/\/zipchock.com\/wp-content\/uploads\/2025\/03\/Size-300x300.jpg\" data-rel=\"iLightbox\"><img decoding=\"async\" src=\"https:\/\/zipchock.com\/wp-content\/uploads\/2025\/03\/Size-300x300.jpg\"><\/a><div class=\"fusion-title title fusion-title-7 fusion-sep-none fusion-title-center fusion-title-text fusion-title-size-two\" style=\"--awb-margin-bottom:0px;--awb-font-size:22px;\"><h2 class=\"fusion-title-heading title-heading-center fusion-responsive-typography-calculated\" style=\"margin:0;font-size:1em;--fontSize:22;--minFontSize:22;line-height:1.5;\">50% wider than current stands<\/h2><\/div><div class=\"fusion-clearfix\"><\/div><\/div><\/div><div class=\"fusion-layout-column fusion_builder_column_inner fusion-builder-nested-column-6 fusion_builder_column_inner_1_5 1_5 fusion-one-fifth product\" style=\"--awb-bg-color:#ffffff;--awb-bg-color-hover:#ffffff;--awb-bg-size:cover;--awb-margin-bottom:60px;width:20%;width:calc(20% - ( ( 2% + 2% + 2% ) * 0.2 ) );margin-right: 2%;\"><div class=\"fusion-column-wrapper fusion-column-has-shadow fusion-flex-column-wrapper-legacy\"><a class=\"awb-lightbox awb-lightbox-7\" href=\"https:\/\/zipchock.com\/wp-content\/uploads\/2020\/02\/Marc3-300x225.jpg\" data-rel=\"iLightbox\"><img decoding=\"async\" src=\"https:\/\/zipchock.com\/wp-content\/uploads\/2020\/02\/Marc3-300x225.jpg\"><\/a><div class=\"fusion-title title fusion-title-8 fusion-sep-none fusion-title-center fusion-title-text fusion-title-size-two\" style=\"--awb-margin-bottom:0px;--awb-font-size:22px;\"><h2 class=\"fusion-title-heading title-heading-center fusion-responsive-typography-calculated\" style=\"margin:0;font-size:1em;--fontSize:22;--minFontSize:22;line-height:1.5;\">Front wheel<\/h2><\/div><div class=\"fusion-clearfix\"><\/div><\/div><\/div><div class=\"fusion-layout-column fusion_builder_column_inner fusion-builder-nested-column-7 fusion_builder_column_inner_1_5 1_5 fusion-one-fifth fusion-column-last product\" style=\"--awb-bg-color:#ffffff;--awb-bg-color-hover:#ffffff;--awb-bg-size:cover;--awb-margin-bottom:60px;width:20%;width:calc(20% - ( ( 2% + 2% + 2% ) * 0.2 ) );\"><div class=\"fusion-column-wrapper fusion-column-has-shadow fusion-flex-column-wrapper-legacy\"><a class=\"awb-lightbox awb-lightbox-8\" href=\"https:\/\/zipchock.com\/wp-content\/uploads\/2021\/02\/zip2-c-banner-cc-EN-300x156.jpg\" data-rel=\"iLightbox\"><img decoding=\"async\" src=\"https:\/\/zipchock.com\/wp-content\/uploads\/2021\/02\/zip2-c-banner-cc-FR-300x156.jpg\"><\/a><div class=\"fusion-title title fusion-title-9 fusion-sep-none fusion-title-center fusion-title-text fusion-title-size-two\" style=\"--awb-margin-bottom:0px;--awb-font-size:22px;\"><h2 class=\"fusion-title-heading title-heading-center fusion-responsive-typography-calculated\" style=\"margin:0;font-size:1em;--fontSize:22;--minFontSize:22;line-height:1.5;\">From narrow to fat tires<\/h2><\/div><div class=\"fusion-clearfix\"><\/div><\/div><\/div><\/div><div class=\"fusion-aligncenter\"><a class=\"fusion-button button-flat button-xlarge button-default fusion-button-default button-1 fusion-button-default-span fusion-button-default-type\" style=\"--button_text_transform:uppercase;\" target=\"_blank\" rel=\"noopener noreferrer\" href=\"https:\/\/zipchock.com\/fr\/\"><span class=\"fusion-button-text awb-button__text awb-button__text--default\"><\/span><i class=\"fa-arrow-right fas awb-button__icon awb-button__icon--default awb-button__icon--no-margin button-icon-right\" aria-hidden=\"true\"><\/i><\/a><\/div><div class=\"fusion-clearfix\"><\/div><\/div><\/div><\/div><\/div><div class=\"fusion-fullwidth fullwidth-box fusion-builder-row-2 nonhundred-percent-fullwidth non-hundred-percent-height-scrolling\" style=\"--awb-border-radius-top-left:0px;--awb-border-radius-top-right:0px;--awb-border-radius-bottom-right:0px;--awb-border-radius-bottom-left:0px;--awb-flex-wrap:wrap;\" ><div class=\"fusion-builder-row fusion-row\"><div class=\"fusion-layout-column fusion_builder_column fusion-builder-column-1 fusion_builder_column_1_1 1_1 fusion-one-full fusion-column-first fusion-column-last\" style=\"--awb-bg-size:cover;\"><div class=\"fusion-column-wrapper fusion-column-has-shadow fusion-flex-column-wrapper-legacy\"><iframe width=\"100%\" height=\"600\" src=\"https:\/\/www.youtube.com\/embed\/Rj_h9PyMHSk\" frameborder=\"0\" allow=\"accelerometer; autoplay; encrypted-media; gyroscope; picture-in-picture\" allowfullscreen><\/iframe><div class=\"fusion-clearfix\"><\/div><\/div><\/div><\/div><\/div><div class=\"fusion-fullwidth fullwidth-box fusion-builder-row-3 fusion-parallax-none request-quote nonhundred-percent-fullwidth non-hundred-percent-height-scrolling\" style=\"--awb-background-blend-mode:overlay;--awb-border-radius-top-left:0px;--awb-border-radius-top-right:0px;--awb-border-radius-bottom-right:0px;--awb-border-radius-bottom-left:0px;--awb-padding-top:40px;--awb-padding-right:40px;--awb-padding-bottom:40px;--awb-padding-left:40px;--awb-margin-top:0px;--awb-background-color:rgba(19,92,173,0.98);--awb-background-image:url(&quot;https:\/\/zipchock.com\/wp-content\/uploads\/2020\/01\/bottombg.png&quot;);--awb-background-size:cover;--awb-flex-wrap:wrap;\" ><div class=\"fusion-builder-row fusion-row\"><div class=\"fusion-layout-column fusion_builder_column fusion-builder-column-2 fusion_builder_column_1_1 1_1 fusion-one-full fusion-column-first fusion-column-last fusion-animated\" style=\"--awb-bg-size:cover;--awb-margin-bottom:0px;\" data-animationType=\"slideInUp\" data-animationDuration=\"0.7\" data-animationOffset=\"top-into-view\"><div class=\"fusion-column-wrapper fusion-column-has-shadow fusion-flex-column-wrapper-legacy\"><div class=\"fusion-title title fusion-title-10 fusion-sep-none fusion-title-center fusion-title-text fusion-title-size-four\" style=\"--awb-text-color:#ffffff;--awb-margin-bottom:24px;\"><h4 class=\"fusion-title-heading title-heading-center fusion-responsive-typography-calculated\" style=\"margin:0;--fontSize:36;line-height:1.5;\"><\/h4><\/div><div class=\"fusion-title title fusion-title-11 fusion-sep-none fusion-title-center fusion-title-text fusion-title-size-five\" style=\"--awb-text-color:#ffffff;\"><h5 class=\"fusion-title-heading title-heading-center fusion-responsive-typography-calculated\" style=\"margin:0;--fontSize:24;line-height:1.5;\"><p style=\"text-align: center;\"><strong>Made of High density plastic plates (re: Adirondack chairs)<\/strong><\/p>\n<p style=\"text-align: center;\"><strong>3 bolts and compression springs allows for a quick and exact fit<\/strong><\/p><\/h5><\/div><div class=\"fusion-clearfix\"><\/div><\/div><\/div><\/div><\/div><\/p>\n","protected":false},"excerpt":{"rendered":"","protected":false},"author":1,"featured_media":0,"parent":0,"menu_order":0,"comment_status":"closed","ping_status":"closed","template":"","meta":{"footnotes":""},"class_list":["post-1462","page","type-page","status-publish","hentry"],"_links":{"self":[{"href":"https:\/\/zipchock.com\/fr\/wp-json\/wp\/v2\/pages\/1462","targetHints":{"allow":["GET"]}}],"collection":[{"href":"https:\/\/zipchock.com\/fr\/wp-json\/wp\/v2\/pages"}],"about":[{"href":"https:\/\/zipchock.com\/fr\/wp-json\/wp\/v2\/types\/page"}],"author":[{"embeddable":true,"href":"https:\/\/zipchock.com\/fr\/wp-json\/wp\/v2\/users\/1"}],"replies":[{"embeddable":true,"href":"https:\/\/zipchock.com\/fr\/wp-json\/wp\/v2\/comments?post=1462"}],"version-history":[{"count":45,"href":"https:\/\/zipchock.com\/fr\/wp-json\/wp\/v2\/pages\/1462\/revisions"}],"predecessor-version":[{"id":2862,"href":"https:\/\/zipchock.com\/fr\/wp-json\/wp\/v2\/pages\/1462\/revisions\/2862"}],"wp:attachment":[{"href":"https:\/\/zipchock.com\/fr\/wp-json\/wp\/v2\/media?parent=1462"}],"curies":[{"name":"wp","href":"https:\/\/api.w.org\/{rel}","templated":true}]}}