{"id":2566,"date":"2023-06-15T09:45:25","date_gmt":"2023-06-15T13:45:25","guid":{"rendered":"https:\/\/zipchock.com\/politique-de-confidentialite\/"},"modified":"2023-07-18T17:13:42","modified_gmt":"2023-07-18T21:13:42","slug":"politique-de-confidentialite","status":"publish","type":"page","link":"https:\/\/zipchock.com\/fr\/politique-de-confidentialite\/","title":{"rendered":"Politique de confidentialit\u00e9"},"content":{"rendered":"<p style=\"float: left;\">Politique de confidentialit\u00e9 de <strong>Zipchock Inc. Zipparc Inc.<\/strong> (la \u00ab <strong>Soci\u00e9t\u00e9<\/strong> \u00bb)<\/p>\n<p style=\"float: right;\"><u>mise \u00e0 jour en juin 2023<\/u><\/p>\n<div style=\"clear: both;\"><\/div>\n<p><strong><u>POLITIQUE DE CONFIDENTIALIIT\u00c9<\/u><\/strong><\/p>\n<p>En utilisant <a href=\"http:\/\/www.zipchock.com\/\" target=\"_blank\" rel=\"noopener\">www.zipchock.com<\/a> ou <a href=\"http:\/\/www.supportzip.ca\/\" target=\"_blank\" rel=\"noopener\">www.supportzip.ca<\/a> (le \u00ab <strong>site Web<\/strong> \u00bb), nous assumons que vous avez lu et accept\u00e9 les termes de notre politique de confidentialit\u00e9 (la \u00ab <strong>Politique<\/strong> \u00bb).<\/p>\n<p>Il d\u00e9crit les informations personnelles que nous pouvons collecter aupr\u00e8s de vous, les finalit\u00e9s pour lesquelles nous les collectons, comment nous les utilisons et quand nous pouvons les partager avec des tiers. Nous (<strong>Zipchock Inc. Zipparc Inc.<\/strong>) (la \u00ab Soci\u00e9t\u00e9 \u00bb) ne collecterons, n&rsquo;utiliserons ni ne divulguerons vos informations personnelles autrement qu&rsquo;en conformit\u00e9 avec la pr\u00e9sente politique.<\/p>\n<p>En visitant le <strong>site Web<\/strong> et\/ou en effectuant des achats en ligne de produits, vous acceptez les termes et conditions de la <strong>Politique<\/strong>.<\/p>\n<p>Nous pouvons mettre \u00e0 jour la <strong>politique<\/strong> de temps \u00e0 autre. Suite \u00e0 la publication de ces mises \u00e0 jour, votre utilisation continue du <strong>site Web<\/strong> constituera votre acceptation de ces modifications et vous serez li\u00e9 par ces modifications. Si vous ne continuez pas \u00e0 utiliser le <strong>site Web<\/strong> apr\u00e8s une modification de notre <strong>Politique<\/strong> mais que vous ne prenez aucune autre mesure concernant vos informations personnelles, notre utilisation de ces informations restera soumise \u00e0 notre <strong>Politique<\/strong> telle qu&rsquo;elle \u00e9tait en vigueur avant la modification. Vous \u00eates responsable de la r\u00e9vision r\u00e9guli\u00e8re de cette politique et de toute modification de celle-ci.<\/p>\n<p><strong>QUEL TYPE D&rsquo;INFORMATIONS LA SOCI\u00c9T\u00c9 COLLECTE-T-ELLE ?<\/strong><br \/>\nNous pouvons collecter des informations personnelles aupr\u00e8s de vous lorsque vous enregistrez ou nous fournissez vos informations personnelles, recherchez un produit, passez une commande pour un produit, communiquez avec nous par t\u00e9l\u00e9phone, e-mail ou autrement. \u00c0 la suite de ces actions, vous pouvez nous fournir des informations personnelles, telles que votre nom, vos adresses e-mail et postales, votre ou vos num\u00e9ros de t\u00e9l\u00e9phone, les noms des personnes \u00e0 qui les achats ont \u00e9t\u00e9 exp\u00e9di\u00e9s, y compris l&rsquo;adresse et les num\u00e9ros de t\u00e9l\u00e9phone, le produit votre int\u00e9r\u00eat et, dans certaines circonstances, vos opinions et vos pr\u00e9f\u00e9rences personnelles.<\/p>\n<p>Nous ne collectons aucune information financi\u00e8re telle que num\u00e9ro de carte de cr\u00e9dit, compte bancaire ou autres. Le paiement de notre produit se fait par le service de paiments <strong>Stripe ou <\/strong><strong>Paypal.<\/strong><\/p>\n<p><strong>\u00c0 QUELLES FINS LA SOCI\u00c9T\u00c9 RECUEILLE-T-ELLE VOS INFORMATIONS ?<\/strong><br \/>\nLa <strong>Soci\u00e9t\u00e9<\/strong> peut utiliser vos informations personnelles pour (1) traiter votre commande et r\u00e9pondre aux questions sur l&rsquo;\u00e9tat de votre commande ; (2) vous envoyer, \u00e0 vous ou \u00e0 vos amis, parents ou associ\u00e9s, les produits que vous avez command\u00e9s ; (3) maintenir le contact avec vous et vous fournir un service personnalis\u00e9 continu ; (4) communiquer avec vous (par e-mail, courrier ou autre) et vous fournir du mat\u00e9riel promotionnel et des informations suppl\u00e9mentaires concernant nos produits, services, sondages, concours, promotions et offres sp\u00e9ciales ; (5) nous aider \u00e0 en savoir plus sur vos pr\u00e9f\u00e9rences d&rsquo;achat ; et (6) mener des \u00e9tudes de marketing et de performance, pour nous aider \u00e0 mesurer notre service client, \u00e0 comparer nos performances et \u00e0 nous aider \u00e0 am\u00e9liorer nos exp\u00e9riences d&rsquo;achat et nos offres de produits. Comme indiqu\u00e9 ci-dessous, vous pouvez toujours choisir de ne pas recevoir de mat\u00e9riel promotionnel ou d&rsquo;informations marketing.<\/p>\n<p><strong>LA SOCI\u00c9T\u00c9 PARTAGE-T-ELLE VOS INFORMATIONS AVEC DES TIERS ?<\/strong><br \/>\nNous ne vendons ni ne louons vos informations personnelles \u00e0 des tiers non affili\u00e9s. Cependant, en cas de vente de la totalit\u00e9 ou de la quasi-totalit\u00e9 de notre entreprise ou d&rsquo;une autre transaction similaire, nous pouvons transf\u00e9rer ou divulguer vos informations personnelles \u00e0 un acheteur ou \u00e0 un acheteur potentiel, qui peut collecter, utiliser et divulguer ces informations aux fins d&rsquo;\u00e9valuation la transaction propos\u00e9e ou l&rsquo;exploitation et la gestion des affaires de l&rsquo;entreprise acquise, ou \u00e0 d&rsquo;autres fins identifi\u00e9es dans la pr\u00e9sente <strong>Politique<\/strong>.<\/p>\n<p>Nous nous r\u00e9servons le droit de divulguer vos informations personnelles comme l&rsquo;exige la loi, en r\u00e9ponse \u00e0 des proc\u00e9dures judiciaires et \u00e0 des demandes d&rsquo;application de la loi, et si n\u00e9cessaire pour prot\u00e9ger la propri\u00e9t\u00e9, les int\u00e9r\u00eats et les droits de la <strong>Soci\u00e9t\u00e9<\/strong>.<\/p>\n<p><strong>COMMENT PUIS-JE EXERCER MES CHOIX CONCERNANT LA R\u00c9CEPTION DE COMMUNICATIONS PROMOTIONNELLES ?<\/strong><br \/>\nNous voulons communiquer avec vous uniquement si vous souhaitez avoir de nos nouvelles. Si vous pr\u00e9f\u00e9rez ne pas recevoir d&rsquo;informations promotionnelles de notre part, ou si vous ne souhaitez pas que nous utilisions vos informations pour am\u00e9liorer votre exp\u00e9rience d&rsquo;achat, veuillez nous en informer en nous envoyant un e-mail \u00e0 <a href=\"mailto:zipchock@gmail.com\">zipchock@gmail.com<\/a>. Assurez-vous d&rsquo;inclure votre nom complet. Le traitement de votre demande peut prendre jusqu&rsquo;\u00e0 4 semaines, p\u00e9riode pendant laquelle vous pourrez continuer \u00e0 recevoir des communications.<\/p>\n<p><strong>QU&rsquo;EST-CE QUE LES COOKIES ET COMMENT L&rsquo;ENTREPRISE UTILISE-T-ELLE LES COOKIES SUR SON SITE ?<\/strong><br \/>\nNous pouvons utiliser des \u00ab cookies \u00bb pour suivre vos pr\u00e9f\u00e9rences et vos activit\u00e9s sur le <strong>site Web<\/strong>. Les cookies sont de petits fichiers de donn\u00e9es transf\u00e9r\u00e9s sur le disque dur de votre ordinateur par un site Web. Ils conservent une trace de vos pr\u00e9f\u00e9rences pour rendre vos visites ult\u00e9rieures sur le site plus efficaces. Les cookies peuvent conserver diverses informations, notamment le nombre de fois que vous acc\u00e9dez \u00e0 un site, les informations d&rsquo;enregistrement et le nombre de fois que vous consultez une page particuli\u00e8re ou un autre \u00e9l\u00e9ment du site. L&rsquo;utilisation de cookies est une pratique courante adopt\u00e9e par la plupart des sites majeurs pour mieux servir leurs clients. La plupart des navigateurs sont con\u00e7us pour accepter les cookies, mais ils peuvent \u00eatre facilement modifi\u00e9s pour bloquer les cookies ; consultez les fichiers d&rsquo;aide de votre navigateur pour savoir comment bloquer les cookies, savoir quand vous avez re\u00e7u des cookies et comment d\u00e9sactiver compl\u00e8tement les cookies. Vous devez toutefois noter que sans cookies, certaines fonctions du site Web ne seront pas disponibles et l&rsquo;utilisateur perdra certains des avantages du site.<\/p>\n<p><strong>COMBIEN DE TEMPS LES INFORMATIONS PERSONNELLES SONT-ELLES CONSERV\u00c9ES ?<\/strong><br \/>\nNous ne conserverons vos informations personnelles que le temps raisonnablement n\u00e9cessaire aux fins d\u00e9crites dans la pr\u00e9sente <strong>Politique<\/strong> ou pendant une p\u00e9riode plus longue pouvant \u00eatre requise par la loi applicable.<\/p>\n<p><strong>COMMENT LES INFORMATIONS PERSONNELLES SONT-ELLES S\u00c9CURIS\u00c9ES ?<\/strong><br \/>\nNous avons adopt\u00e9 des mesures appropri\u00e9es pour assurer la confidentialit\u00e9 des informations personnelles et pour prot\u00e9ger les informations personnelles contre la perte ou le vol, ainsi que contre l&rsquo;acc\u00e8s, la divulgation, la copie, l&rsquo;utilisation ou la modification non autoris\u00e9s, \u00e0 la lumi\u00e8re, entre autres, de la sensibilit\u00e9 des informations et les fins pour lesquelles il doit \u00eatre utilis\u00e9. De plus, chaque employ\u00e9, mandataire ou agent de la <strong>Soci\u00e9t\u00e9<\/strong> doit respecter la pr\u00e9sente <strong>Politique<\/strong>.<\/p>\n<p>SVP contacter<br \/>\n<a href=\"mailto:zipchock@gmail.com\">zipchock@gmail.com<\/a><\/p>\n","protected":false},"excerpt":{"rendered":"<p>Politique de confidentialit\u00e9 de Zipchock Inc. Zipparc Inc. (la \u00ab <a href=\"https:\/\/zipchock.com\/fr\/politique-de-confidentialite\/\"> [&#8230;]<\/a><\/p>\n","protected":false},"author":1,"featured_media":0,"parent":0,"menu_order":0,"comment_status":"closed","ping_status":"closed","template":"","meta":{"footnotes":""},"class_list":["post-2566","page","type-page","status-publish","hentry"],"_links":{"self":[{"href":"https:\/\/zipchock.com\/fr\/wp-json\/wp\/v2\/pages\/2566","targetHints":{"allow":["GET"]}}],"collection":[{"href":"https:\/\/zipchock.com\/fr\/wp-json\/wp\/v2\/pages"}],"about":[{"href":"https:\/\/zipchock.com\/fr\/wp-json\/wp\/v2\/types\/page"}],"author":[{"embeddable":true,"href":"https:\/\/zipchock.com\/fr\/wp-json\/wp\/v2\/users\/1"}],"replies":[{"embeddable":true,"href":"https:\/\/zipchock.com\/fr\/wp-json\/wp\/v2\/comments?post=2566"}],"version-history":[{"count":5,"href":"https:\/\/zipchock.com\/fr\/wp-json\/wp\/v2\/pages\/2566\/revisions"}],"predecessor-version":[{"id":2684,"href":"https:\/\/zipchock.com\/fr\/wp-json\/wp\/v2\/pages\/2566\/revisions\/2684"}],"wp:attachment":[{"href":"https:\/\/zipchock.com\/fr\/wp-json\/wp\/v2\/media?parent=2566"}],"curies":[{"name":"wp","href":"https:\/\/api.w.org\/{rel}","templated":true}]}}