{"id":2261,"date":"2023-02-03T10:28:26","date_gmt":"2023-02-03T10:28:26","guid":{"rendered":"https:\/\/zipchock.com\/product\/zipchock-zm16cd\/"},"modified":"2023-12-18T11:28:43","modified_gmt":"2023-12-18T15:28:43","slug":"zipchock-zm16","status":"publish","type":"product","link":"https:\/\/zipchock.com\/fr\/produit\/zipchock-zm16\/","title":{"rendered":"SUPPORTZIP, ZM16 ATTACHE DE TRANSPORT Vendue et exp\u00e9di\u00e9e seulement avec le Support ZIP"},"content":{"rendered":"<p>L&rsquo;attache de transport comprend la pi\u00e8ce en V et les 2 boulons anneaux. L&rsquo;acheteur doit fournir et install les attaches de plancher (E Track recommand\u00e9s).<\/p>\n","protected":false},"excerpt":{"rendered":"<p><strong>$CAD &#8211; ajout des taxes<\/strong><br \/>\nVendu et livr\u00e9 avec le support complet seulement<\/p>\n<p><strong>$USD &#8211; sans taxes ni frais de douane<\/strong><br \/>\nVendu et livr\u00e9 avec le support complet seulement<\/p>\n","protected":false},"featured_media":2694,"comment_status":"closed","ping_status":"closed","template":"","meta":[],"product_brand":[],"product_cat":[40],"product_tag":[],"class_list":{"0":"post-2261","1":"product","2":"type-product","3":"status-publish","4":"has-post-thumbnail","6":"product_cat-shop-fr","8":"first","9":"instock","10":"taxable","11":"shipping-taxable","12":"purchasable","13":"product-type-simple"},"_links":{"self":[{"href":"https:\/\/zipchock.com\/fr\/wp-json\/wp\/v2\/product\/2261","targetHints":{"allow":["GET"]}}],"collection":[{"href":"https:\/\/zipchock.com\/fr\/wp-json\/wp\/v2\/product"}],"about":[{"href":"https:\/\/zipchock.com\/fr\/wp-json\/wp\/v2\/types\/product"}],"replies":[{"embeddable":true,"href":"https:\/\/zipchock.com\/fr\/wp-json\/wp\/v2\/comments?post=2261"}],"wp:featuredmedia":[{"embeddable":true,"href":"https:\/\/zipchock.com\/fr\/wp-json\/wp\/v2\/media\/2694"}],"wp:attachment":[{"href":"https:\/\/zipchock.com\/fr\/wp-json\/wp\/v2\/media?parent=2261"}],"wp:term":[{"taxonomy":"product_brand","embeddable":true,"href":"https:\/\/zipchock.com\/fr\/wp-json\/wp\/v2\/product_brand?post=2261"},{"taxonomy":"product_cat","embeddable":true,"href":"https:\/\/zipchock.com\/fr\/wp-json\/wp\/v2\/product_cat?post=2261"},{"taxonomy":"product_tag","embeddable":true,"href":"https:\/\/zipchock.com\/fr\/wp-json\/wp\/v2\/product_tag?post=2261"}],"curies":[{"name":"wp","href":"https:\/\/api.w.org\/{rel}","templated":true}]}}