{"id":2265,"date":"2023-02-03T10:22:18","date_gmt":"2023-02-03T10:22:18","guid":{"rendered":"https:\/\/zipchock.com\/product\/zipchock-stand-model-zm110tr-cd\/"},"modified":"2025-01-10T12:57:00","modified_gmt":"2025-01-10T16:57:00","slug":"zipchock-stand-model-zm110tr","status":"publish","type":"product","link":"https:\/\/zipchock.com\/fr\/produit\/zipchock-stand-model-zm110tr\/","title":{"rendered":"SUPPORTZIP"},"content":{"rendered":"<p>Ce mod\u00e8le est pr\u00e9-production. La quantit\u00e9 est limit\u00e9e. Il se vendra seulement au Canada.<\/p>\n","protected":false},"excerpt":{"rendered":"<p><b>Pour le Canada seulement<\/b><\/p>\n<p><strong>$CAD &#8211; ajouter les taxes<\/strong><br \/>\nLivraison inclue pour les 10 Provinces. Pour les 3 territoires, nous contacter<\/p>\n","protected":false},"featured_media":2531,"comment_status":"closed","ping_status":"closed","template":"","meta":[],"product_brand":[],"product_cat":[40],"product_tag":[],"class_list":{"0":"post-2265","1":"product","2":"type-product","3":"status-publish","4":"has-post-thumbnail","6":"product_cat-shop-fr","8":"first","9":"instock","10":"taxable","11":"shipping-taxable","12":"purchasable","13":"product-type-simple"},"_links":{"self":[{"href":"https:\/\/zipchock.com\/fr\/wp-json\/wp\/v2\/product\/2265","targetHints":{"allow":["GET"]}}],"collection":[{"href":"https:\/\/zipchock.com\/fr\/wp-json\/wp\/v2\/product"}],"about":[{"href":"https:\/\/zipchock.com\/fr\/wp-json\/wp\/v2\/types\/product"}],"replies":[{"embeddable":true,"href":"https:\/\/zipchock.com\/fr\/wp-json\/wp\/v2\/comments?post=2265"}],"wp:featuredmedia":[{"embeddable":true,"href":"https:\/\/zipchock.com\/fr\/wp-json\/wp\/v2\/media\/2531"}],"wp:attachment":[{"href":"https:\/\/zipchock.com\/fr\/wp-json\/wp\/v2\/media?parent=2265"}],"wp:term":[{"taxonomy":"product_brand","embeddable":true,"href":"https:\/\/zipchock.com\/fr\/wp-json\/wp\/v2\/product_brand?post=2265"},{"taxonomy":"product_cat","embeddable":true,"href":"https:\/\/zipchock.com\/fr\/wp-json\/wp\/v2\/product_cat?post=2265"},{"taxonomy":"product_tag","embeddable":true,"href":"https:\/\/zipchock.com\/fr\/wp-json\/wp\/v2\/product_tag?post=2265"}],"curies":[{"name":"wp","href":"https:\/\/api.w.org\/{rel}","templated":true}]}}